{"id":8573,"date":"2022-08-03T12:49:27","date_gmt":"2022-08-03T12:49:27","guid":{"rendered":"http:\/\/issi-ca.com\/home\/?page_id=8573"},"modified":"2022-08-03T12:49:29","modified_gmt":"2022-08-03T12:49:29","slug":"inscription2","status":"publish","type":"page","link":"http:\/\/issi-ca.com\/home\/inscription2\/","title":{"rendered":"Inscription en ligne"},"content":{"rendered":"\n<div class=\"wp-block-contact-form-7-contact-form-selector\">\n<div class=\"wpcf7 no-js\" id=\"wpcf7-f8570-o1\" lang=\"fr-FR\" dir=\"ltr\" data-wpcf7-id=\"8570\">\n<div class=\"screen-reader-response\"><p role=\"status\" aria-live=\"polite\" aria-atomic=\"true\"><\/p> <ul><\/ul><\/div>\n<form action=\"\/home\/wp-json\/wp\/v2\/pages\/8573#wpcf7-f8570-o1\" method=\"post\" class=\"wpcf7-form init\" aria-label=\"Formulaire de contact\" novalidate=\"novalidate\" data-status=\"init\">\n<fieldset class=\"hidden-fields-container\"><input type=\"hidden\" name=\"_wpcf7\" value=\"8570\" \/><input type=\"hidden\" name=\"_wpcf7_version\" value=\"6.1.5\" \/><input type=\"hidden\" name=\"_wpcf7_locale\" value=\"fr_FR\" \/><input type=\"hidden\" name=\"_wpcf7_unit_tag\" value=\"wpcf7-f8570-o1\" \/><input type=\"hidden\" name=\"_wpcf7_container_post\" value=\"0\" \/><input type=\"hidden\" name=\"_wpcf7_posted_data_hash\" value=\"\" \/>\n<\/fieldset>\n<p><label>Pr\u00e9nom <\/label><span class=\"wpcf7-form-control-wrap\" data-name=\"prenom\"><input size=\"40\" maxlength=\"400\" class=\"wpcf7-form-control wpcf7-text\" aria-invalid=\"false\" value=\"\" type=\"text\" name=\"prenom\" \/><\/span><br \/>\n<label>Nom <\/label><span class=\"wpcf7-form-control-wrap\" data-name=\"nomdefamille\"><input size=\"40\" maxlength=\"400\" class=\"wpcf7-form-control wpcf7-text wpcf7-validates-as-required\" aria-required=\"true\" aria-invalid=\"false\" value=\"\" type=\"text\" name=\"nomdefamille\" \/><\/span><br \/>\n<label>Date de naissance <\/label><span class=\"wpcf7-form-control-wrap\" data-name=\"datenaissance\"><input class=\"wpcf7-form-control wpcf7-date wpcf7-validates-as-required wpcf7-validates-as-date\" aria-required=\"true\" aria-invalid=\"false\" value=\"\" type=\"date\" name=\"datenaissance\" \/><\/span><br \/>\n<label>Lieu de naissance <\/label><span class=\"wpcf7-form-control-wrap\" data-name=\"lieunaissance\"><input size=\"40\" maxlength=\"400\" class=\"wpcf7-form-control wpcf7-text wpcf7-validates-as-required\" aria-required=\"true\" aria-invalid=\"false\" value=\"\" type=\"text\" name=\"lieunaissance\" \/><\/span><br \/>\n<label>Sexe <\/label><span class=\"wpcf7-form-control-wrap\" data-name=\"sexe\"><span class=\"wpcf7-form-control wpcf7-radio\"><span class=\"wpcf7-list-item first\"><label><span class=\"wpcf7-list-item-label\">Masculin<\/span><input type=\"radio\" name=\"sexe\" value=\"Masculin\" checked=\"checked\" \/><\/label><\/span><span class=\"wpcf7-list-item last\"><label><span class=\"wpcf7-list-item-label\">F\u00e9minin<\/span><input type=\"radio\" name=\"sexe\" value=\"F\u00e9minin\" \/><\/label><\/span><\/span><\/span><br \/>\n<label>Nationalit\u00e9 <\/label><span class=\"wpcf7-form-control-wrap\" data-name=\"nationalite\"><input size=\"40\" maxlength=\"400\" class=\"wpcf7-form-control wpcf7-text wpcf7-validates-as-required\" aria-required=\"true\" aria-invalid=\"false\" value=\"\" type=\"text\" name=\"nationalite\" \/><\/span><br \/>\n<label>Pays d'origine <\/label><span class=\"wpcf7-form-control-wrap\" data-name=\"pays\"><input size=\"40\" maxlength=\"400\" class=\"wpcf7-form-control wpcf7-text wpcf7-validates-as-required\" aria-required=\"true\" aria-invalid=\"false\" value=\"\" type=\"text\" name=\"pays\" \/><\/span><br \/>\n<label>Situation matrimoniale <\/label><span class=\"wpcf7-form-control-wrap\" data-name=\"situation\"><select class=\"wpcf7-form-control wpcf7-select wpcf7-validates-as-required\" aria-required=\"true\" aria-invalid=\"false\" name=\"situation\"><option value=\"\">&#8212;Veuillez choisir une option&#8212;<\/option><option value=\"C\u00e9libataire\">C\u00e9libataire<\/option><option value=\"Mari\u00e9(e)\">Mari\u00e9(e)<\/option><\/select><\/span><br \/>\n<label>T\u00e9l\u00e9phone <\/label><span class=\"wpcf7-form-control-wrap\" data-name=\"telephone\"><input size=\"40\" maxlength=\"400\" class=\"wpcf7-form-control wpcf7-tel wpcf7-validates-as-required wpcf7-text wpcf7-validates-as-tel\" aria-required=\"true\" aria-invalid=\"false\" value=\"\" type=\"tel\" name=\"telephone\" \/><\/span><br \/>\n<label>E-mail <\/label><span class=\"wpcf7-form-control-wrap\" data-name=\"emaildemoi\"><input size=\"40\" maxlength=\"400\" class=\"wpcf7-form-control wpcf7-email wpcf7-validates-as-required wpcf7-text wpcf7-validates-as-email\" aria-required=\"true\" aria-invalid=\"false\" value=\"\" type=\"email\" name=\"emaildemoi\" \/><\/span><br \/>\n<label>Type de cours <\/label><span class=\"wpcf7-form-control-wrap\" data-name=\"typecours\"><span class=\"wpcf7-form-control wpcf7-radio\"><span class=\"wpcf7-list-item first\"><label><span class=\"wpcf7-list-item-label\">Jour<\/span><input type=\"radio\" name=\"typecours\" value=\"Jour\" checked=\"checked\" \/><\/label><\/span><span class=\"wpcf7-list-item\"><label><span class=\"wpcf7-list-item-label\">Soir<\/span><input type=\"radio\" name=\"typecours\" value=\"Soir\" \/><\/label><\/span><span class=\"wpcf7-list-item last\"><label><span class=\"wpcf7-list-item-label\">En ligne<\/span><input type=\"radio\" name=\"typecours\" value=\"En ligne\" \/><\/label><\/span><\/span><\/span><br \/>\n<label>Cycle <\/label><span class=\"wpcf7-form-control-wrap\" data-name=\"cycle\"><select class=\"wpcf7-form-control wpcf7-select wpcf7-validates-as-required\" aria-required=\"true\" aria-invalid=\"false\" name=\"cycle\"><option value=\"\">&#8212;Veuillez choisir une option&#8212;<\/option><option value=\"BTS\">BTS<\/option><option value=\"HND\">HND<\/option><\/select><\/span><br \/>\n<label>Sp\u00e9cialt\u00e9 <\/label><span class=\"wpcf7-form-control-wrap\" data-name=\"specialite\"><select class=\"wpcf7-form-control wpcf7-select wpcf7-validates-as-required\" aria-required=\"true\" aria-invalid=\"false\" name=\"specialite\"><option value=\"\">&#8212;Veuillez choisir une option&#8212;<\/option><option value=\"Opticien Lunetier\">Opticien Lunetier<\/option><option value=\"Sciences Infirmi\u00e8res\">Sciences Infirmi\u00e8res<\/option><option value=\"Sage-femme\">Sage-femme<\/option><option value=\"Techniques de Laboratoire et d\u2019Analyse M\u00e9dicale\">Techniques de Laboratoire et d\u2019Analyse M\u00e9dicale<\/option><option value=\"Radiologie et Imagerie M\u00e9dicale.\">Radiologie et Imagerie M\u00e9dicale.<\/option><option value=\"Commerce International\">Commerce International<\/option><option value=\"Marketing \u2013 Commerce \u2013 Vente\">Marketing \u2013 Commerce \u2013 Vente<\/option><option value=\"Gestion Logistique et Transport\">Gestion Logistique et Transport<\/option><option value=\"Assistant Manager\">Assistant Manager<\/option><option value=\"Banque &amp; Finance\">Banque &amp; Finance<\/option><option value=\"Comptabilit\u00e9 et Gestion des entreprises\">Comptabilit\u00e9 et Gestion des entreprises<\/option><option value=\"Gestion des Projets\">Gestion des Projets<\/option><option value=\"Gestion des Ressources Humaines\">Gestion des Ressources Humaines<\/option><option value=\"Gestion des Syst\u00e8mes d\u2019Information\">Gestion des Syst\u00e8mes d\u2019Information<\/option><option value=\"Micro finance\">Micro finance<\/option><option value=\"Management \u00e9v\u00e9nementiel\">Management \u00e9v\u00e9nementiel<\/option><option value=\"Administration des collectivit\u00e9s territoriales\">Administration des collectivit\u00e9s territoriales<\/option><option value=\"Gestion de Qualit\u00e9\">Gestion de Qualit\u00e9<\/option><option value=\"Douane et Transit\">Douane et Transit<\/option><option value=\"Droit des affaires et de l\u2019Entreprise\">Droit des affaires et de l\u2019Entreprise<\/option><option value=\"Gestion Fiscale\">Gestion Fiscale<\/option><option value=\"Communication des Organisations\">Communication des Organisations<\/option><option value=\"Restauration\">Restauration<\/option><option value=\"Tourisme et Loisirs\">Tourisme et Loisirs<\/option><option value=\"H\u00f4tellerie\">H\u00f4tellerie<\/option><option value=\"Infographie et Web Design\">Infographie et Web Design<\/option><option value=\"E-Commerce et Marketing Num\u00e9rique\">E-Commerce et Marketing Num\u00e9rique<\/option><option value=\"G\u00e9nie Logiciel\">G\u00e9nie Logiciel<\/option><option value=\"Maintenance des Syst\u00e8mes Informatiques\">Maintenance des Syst\u00e8mes Informatiques<\/option><option value=\"R\u00e9seaux et S\u00e9curit\u00e9\">R\u00e9seaux et S\u00e9curit\u00e9<\/option><option value=\"T\u00e9l\u00e9communication\">T\u00e9l\u00e9communication<\/option><option value=\"Electrotechnique\">Electrotechnique<\/option><option value=\"Maintenance des Equipements Industriels\">Maintenance des Equipements Industriels<\/option><option value=\"Maintenance des Syst\u00e8mes Electroniques\">Maintenance des Syst\u00e8mes Electroniques<\/option><option value=\"B\u00e2timent\">B\u00e2timent<\/option><option value=\"Travaux Publics\">Travaux Publics<\/option><option value=\"Installations Sanitaires\">Installations Sanitaires<\/option><option value=\"G\u00e9om\u00e8tre Topographe\">G\u00e9om\u00e8tre Topographe<\/option><option value=\"Menuiserie et Eb\u00e9nisterie\">Menuiserie et Eb\u00e9nisterie<\/option><option value=\"Maintenance des Appareils Biom\u00e9dicaux\">Maintenance des Appareils Biom\u00e9dicaux<\/option><option value=\"Chaudronnerie et Soudure\">Chaudronnerie et Soudure<\/option><option value=\"M\u00e9catronique\">M\u00e9catronique<\/option><option value=\"Hygi\u00e8ne, S\u00e9curit\u00e9 et Environnement\">Hygi\u00e8ne, S\u00e9curit\u00e9 et Environnement<\/option><option value=\"Nursing\">Nursing<\/option><option value=\"Medical and Laboratory Sciences\">Medical and Laboratory Sciences<\/option><option value=\"Optician\/ Clinical Optometry\">Optician\/ Clinical Optometry<\/option><option value=\"Midwifery\">Midwifery<\/option><option value=\"Ophtalmic Technician\">Ophtalmic Technician<\/option><option value=\"Assistant Manager\">Assistant Manager<\/option><option value=\"Logistic &amp; Transport Management\">Logistic &amp; Transport Management<\/option><option value=\"Human resource Management\">Human resource Management<\/option><option value=\"Information system Management\">Information system Management<\/option><option value=\"Projetc Management\">Projetc Management<\/option><option value=\"Local Government\">Local Government<\/option><option value=\"Taxation\">Taxation<\/option><option value=\"Accountancy\">Accountancy<\/option><option value=\"Marketing \u2013 Trade \u2013 Sale\">Marketing \u2013 Trade \u2013 Sale<\/option><option value=\"Banking &amp; Finance\">Banking &amp; Finance<\/option><option value=\"Insurance\">Insurance<\/option><option value=\"International Trade\">International Trade<\/option><option value=\"Microfinance\">Microfinance<\/option><option value=\"Tourism &amp; Travel agency management\">Tourism &amp; Travel agency management<\/option><option value=\"Hotel management &amp; catering\">Hotel management &amp; catering<\/option><option value=\"Customs and Transit\">Customs and Transit<\/option><option value=\"Tax Management\">Tax Management<\/option><option value=\"Land Law\">Land Law<\/option><option value=\"Business Law\">Business Law<\/option><option value=\"Legal Assistant\">Legal Assistant<\/option><option value=\"Software Engineering\">Software Engineering<\/option><option value=\"Computer Graphic and Web Design\">Computer Graphic and Web Design<\/option><option value=\"Telecommunication\">Telecommunication<\/option><option value=\"Network and Security\">Network and Security<\/option><option value=\"Civil Engineering Technology\">Civil Engineering Technology<\/option><option value=\"Topography\">Topography<\/option><\/select><\/span><br \/>\n<label>Dipl\u00f4me <\/label><span class=\"wpcf7-form-control-wrap\" data-name=\"diplome\"><select class=\"wpcf7-form-control wpcf7-select wpcf7-validates-as-required\" aria-required=\"true\" aria-invalid=\"false\" name=\"diplome\"><option value=\"\">&#8212;Veuillez choisir une option&#8212;<\/option><option value=\"BAC\">BAC<\/option><option value=\"GCE\">GCE<\/option><option value=\"BAC Etranger\">BAC Etranger<\/option><option value=\"Autre\">Autre<\/option><\/select><\/span>\n<\/p>\n<p><input class=\"wpcf7-form-control wpcf7-submit has-spinner\" type=\"submit\" value=\"S&#039;inscrire\" \/>\n<\/p><div class=\"wpcf7-response-output\" aria-hidden=\"true\"><\/div>\n<\/form>\n<\/div>\n<\/div>\n","protected":false},"excerpt":{"rendered":"","protected":false},"author":1,"featured_media":0,"parent":0,"menu_order":0,"comment_status":"closed","ping_status":"closed","template":"","meta":{"footnotes":""},"class_list":["post-8573","page","type-page","status-publish","hentry"],"_links":{"self":[{"href":"http:\/\/issi-ca.com\/home\/wp-json\/wp\/v2\/pages\/8573","targetHints":{"allow":["GET"]}}],"collection":[{"href":"http:\/\/issi-ca.com\/home\/wp-json\/wp\/v2\/pages"}],"about":[{"href":"http:\/\/issi-ca.com\/home\/wp-json\/wp\/v2\/types\/page"}],"author":[{"embeddable":true,"href":"http:\/\/issi-ca.com\/home\/wp-json\/wp\/v2\/users\/1"}],"replies":[{"embeddable":true,"href":"http:\/\/issi-ca.com\/home\/wp-json\/wp\/v2\/comments?post=8573"}],"version-history":[{"count":2,"href":"http:\/\/issi-ca.com\/home\/wp-json\/wp\/v2\/pages\/8573\/revisions"}],"predecessor-version":[{"id":8575,"href":"http:\/\/issi-ca.com\/home\/wp-json\/wp\/v2\/pages\/8573\/revisions\/8575"}],"wp:attachment":[{"href":"http:\/\/issi-ca.com\/home\/wp-json\/wp\/v2\/media?parent=8573"}],"curies":[{"name":"wp","href":"https:\/\/api.w.org\/{rel}","templated":true}]}}