{"id":11,"date":"2021-12-02T16:27:15","date_gmt":"2021-12-02T16:27:15","guid":{"rendered":"http:\/\/eden-mael.com\/institutissi\/lp-term-conditions\/"},"modified":"2023-08-19T08:43:26","modified_gmt":"2023-08-19T08:43:26","slug":"lp-term-conditions","status":"publish","type":"page","link":"http:\/\/issi-ca.com\/home\/lp-term-conditions\/","title":{"rendered":"Conditions d&#8217;admission \u00e0 l&#8217;ISSI"},"content":{"rendered":"\n<p>Au Cameroun le BTS est institu\u00e9 depuis l&#8217;arr\u00eat\u00e9 n\u00b000\/0007\/MINESUP\/SG\/DDES\/CJ du 28 f\u00e9vrier 2000 portant cr\u00e9ation de la Commission Nationale et d&#8217;Organisation de l&#8217;Examen du Brevet de Technicien Sup\u00e9rieur et l&#8217;arr\u00eat\u00e9 n\u00b001\/0014\/MINESUP\/DDES du 26 f\u00e9vrier 2001&#8230; Le BTS est un dipl\u00f4me national de l&#8217;enseignement sup\u00e9rieur qui atteste d&#8217;une qualification acad\u00e9mique et technique du niveau Baccalaur\u00e9at ou General Certificate of Education Advanced Level plus deux ann\u00e9es ou quatre semestres d&#8217;\u00e9tude..<br>Pour \u00eatre les conditions d&#8217;admission aux cycles BTS \/ HND de ISSI, <\/p>\n\n\n\n<p><a href=\"http:\/\/issi-ca.com\/home\/wp-content\/uploads\/2023\/08\/Fiche-de-renseignement-ISSI-ISOSA-Annee-2023.pdf\" target=\"_blank\" rel=\"noreferrer noopener\">T\u00e9l\u00e9charger la fiche de renseignement 1\u00e8re ann\u00e9e ici<\/a><\/p>\n\n\n\n<p><a href=\"http:\/\/issi-ca.com\/home\/wp-content\/uploads\/2023\/07\/Fiche-de-renseignement-ISSI-2eme-et-3eme-ANNEE-2023.pdf\" target=\"_blank\" rel=\"noreferrer noopener\">T\u00e9l\u00e9charger la fiche de renseignement 2\u00e8me et 3\u00e8me ann\u00e9e ici<\/a><\/p>\n\n\n\n<p><a href=\"http:\/\/issi-ca.com\/home\/wp-content\/uploads\/2023\/07\/Fiche-de-candidature-ISSI.pdf\" target=\"_blank\" rel=\"noreferrer noopener\">T\u00e9l\u00e9charger la fiche de candidature ici<\/a><\/p>\n\n\n\n<p><a href=\"http:\/\/issi-ca.com\/home\/wp-content\/uploads\/2022\/07\/Fiche-de-Inscription-ISSI-2022.pdf\" target=\"_blank\" rel=\"noreferrer noopener\">T\u00e9l\u00e9charger la fiche d&#8217;inscription ici<\/a><\/p>\n\n\n\n<p>The Higher National Diploma (HND) is a two-year professional university program which focuses on learning by doing. It is designed to teach the knowledge and skills needed for employment and paving the way for a Bachelor\u2019s Degree Program. The HND originated from the United Kingdom and has long been adopted by all Commonwealth nations. It was introduced in Cameroon in 2002 by Ministerial Order No. 02\/0069\/MINESUP\/DDES..<\/p>\n\n\n\n<p><\/p>\n\n\n\n<p><\/p>\n","protected":false},"excerpt":{"rendered":"<p>Au Cameroun le BTS est institu\u00e9 depuis l&#8217;arr\u00eat\u00e9 n\u00b000\/0007\/MINESUP\/SG\/DDES\/CJ du 28 f\u00e9vrier 2000 portant cr\u00e9ation de la Commission Nationale et d&#8217;Organisation de l&#8217;Examen du Brevet de Technicien Sup\u00e9rieur et l&#8217;arr\u00eat\u00e9 n\u00b001\/0014\/MINESUP\/DDES du 26 f\u00e9vrier 2001&#8230; Le BTS est un dipl\u00f4me national de l&#8217;enseignement sup\u00e9rieur qui [&hellip;]<\/p>\n","protected":false},"author":1,"featured_media":0,"parent":0,"menu_order":0,"comment_status":"closed","ping_status":"closed","template":"","meta":{"footnotes":""},"class_list":["post-11","page","type-page","status-publish","hentry"],"_links":{"self":[{"href":"http:\/\/issi-ca.com\/home\/wp-json\/wp\/v2\/pages\/11","targetHints":{"allow":["GET"]}}],"collection":[{"href":"http:\/\/issi-ca.com\/home\/wp-json\/wp\/v2\/pages"}],"about":[{"href":"http:\/\/issi-ca.com\/home\/wp-json\/wp\/v2\/types\/page"}],"author":[{"embeddable":true,"href":"http:\/\/issi-ca.com\/home\/wp-json\/wp\/v2\/users\/1"}],"replies":[{"embeddable":true,"href":"http:\/\/issi-ca.com\/home\/wp-json\/wp\/v2\/comments?post=11"}],"version-history":[{"count":11,"href":"http:\/\/issi-ca.com\/home\/wp-json\/wp\/v2\/pages\/11\/revisions"}],"predecessor-version":[{"id":9259,"href":"http:\/\/issi-ca.com\/home\/wp-json\/wp\/v2\/pages\/11\/revisions\/9259"}],"wp:attachment":[{"href":"http:\/\/issi-ca.com\/home\/wp-json\/wp\/v2\/media?parent=11"}],"curies":[{"name":"wp","href":"https:\/\/api.w.org\/{rel}","templated":true}]}}